{"id":92,"date":"2018-08-21T02:19:36","date_gmt":"2018-08-21T01:19:36","guid":{"rendered":"http:\/\/qigong-taichi.ddns.net\/?page_id=92"},"modified":"2019-06-07T16:00:40","modified_gmt":"2019-06-07T14:00:40","slug":"fortbildung","status":"publish","type":"page","link":"https:\/\/qigong-taichi-augsburg.de\/index.php\/uber-mich\/fortbildung\/","title":{"rendered":"Fortbildung"},"content":{"rendered":"<p><strong>Fortbildung in Tai Chi Chuan<\/strong><\/p>\n<p>Vom 21.02. &#8211; 24.02.2013<\/p>\n<p>Lernen der langen Form des Yang &#8211; Stils nach YANG CH&#8217;ENG FU<br \/>\nTeil I und Teil II<br \/>\nSebastian Kneipp Akademie Bad W\u00f6rishofen<br \/>\nSeminarleitung: Petra und Toyo Kobayashi, M\u00fcnchen<\/p>\n<p>Am 19.06.2013<\/p>\n<p>Vertiefen und Korrektur von Teil I und Teil II der Langform<br \/>\nin Meckenhausen\/Schwabach<br \/>\nSeminarleitung: Petra Kobayashi, M\u00fcnchen<\/p>\n<p>Anl\u00e4\u00dflich meines 3w\u00f6chigen Kuraufenthalts in Bad Mergentheim vom 21.8. &#8211; 11.9.2013 habe ich 2 Stunden Einzelunterricht in der Langform von Helmut Schmei\u00dfer, einem Lehrer, der bei Petra und Tojo Kobayashi ausgebildet wurde, mit gro\u00dfer Freude und Dankbarkeit erhalten. Ich habe viel lernen k\u00f6nnen und die &#8222;Form&#8220; wurde mir dadurch vertrauter. Es war eine gute und positive Erfahrung<\/p>\n<p>Am 08.02.2014<\/p>\n<p>Vertiefen und Korrektur von Teil I und II und Lernen von Teil III der Langform<br \/>\nin Meckenhausen\/Schwabach<br \/>\nSeminarleitung: Petra Kobayashi, M\u00fcnchen<\/p>\n<p>Vom 05.03. &#8211; 08.03.2014<\/p>\n<p>\u00dcbungstage mit Gedankenaustausch der gesamten Langform mit Teil I, II und III im Tagungshaus Achatswies\/Fischbachau<br \/>\nSeminarleitung: Beatrix Schumacher, Tai Chi Chuan Lehrerin, M\u00fcnchen und langj\u00e4hrige Sch\u00fclerin von Petra und Toyo Kobayashi, M\u00fcnchen<\/p>\n<p>Vom 02.05. &#8211; 05.05.2019 in Bad W\u00f6rishofen<\/p>\n<p>Leitung: Axel Klugmann (Ausbilder im Deutschen Dachverband f\u00fcr Qigong und Taichi Chuan (DDQT)\u00a0 Lehrer f\u00fcr Alexander Technik<\/p>\n<p>Taichi Chuan Langstockform und die F.M. Alexander-Technik<\/p>\n<p>Die Langstockform ist eine ruhig flie\u00dfende Bewegungsabfolge, welche mit einem fast k\u00f6rperlangen Stock ausgef\u00fchrt wird. Neben den gesundheitlichen Aspekten des Taichi macht das Spiel mit dem Stock mit einem gr\u00f6\u00dferen Radius vertraut. Das Rechts- Links-Verst\u00e4ndnis wird geschult sowie die rechte und linke Gehirnh\u00e4lfte trainiert. Raumgef\u00fchl und Gleichgewicht werden geschult.<\/p>\n<p><strong>Fortbildung in Qigong<\/strong><\/p>\n<p>Im April 2012 war ich zur Fortbildung in Bad W\u00f6rishofen und habe dort ein Seminar &#8222;Qigong: Wudang Shan Shiba Fa&#8220;<br \/>\nDie 18 \u00dcbungen vom Berg Wudang besucht.<\/p>\n<p>Das ist eine ganz besondere \u00dcbungsreihe, die aus den chinesischen Wudang-Bergen kommt. Die Wudang-Berge bestehen aus wundersch\u00f6n geformten Felsen und gr\u00fcnen T\u00e4lern und zusammen mit den zahlreichen Tempeln, Kl\u00f6stern und sonstigen Sehensw\u00fcrdigkeiten, sind sie ein magischer Platz f\u00fcr Daoisten und Besucher aus der ganzen Welt.<\/p>\n<p>Die einzelnen \u00dcbungen sind harmonisch aufeinander abgestimmt und sie erinnern daran, dass auch hier Tai Chi Chuan Einflu\u00df genommen hat.<\/p>\n<p>1. Der Hahn kr\u00e4ht. Der Tanz beginnt.<br \/>\n2. Die Wildgans spreizt ihre Fl\u00fcgel.<br \/>\n3. Yin und Yang gehen im Kreis und wandeln sich.<br \/>\n4. Der L\u00f6we tr\u00e4gt eine goldene Kugel.<br \/>\n5. Der gr\u00fcne Drache schl\u00e4gt mit dem Schwanz.<br \/>\n6. Der Phoenix dreht seinen Kopf.<br \/>\n7. Die Libelle ber\u00fchrt das Wasser.<br \/>\n8. Die wei\u00dfe Schlange liegt im Gras.<br \/>\n9. Der Knabe betet zu Budda.<br \/>\n10. Der Sperber streift durch den Himmel.<br \/>\n11. Die V\u00f6gel in den Wald schicken.<br \/>\n12. Der Drache blickt zur\u00fcck.<br \/>\n13. Den Mond tragen.<br \/>\n14. Das Schwert hinter dem R\u00fccken ziehen.<br \/>\n15. Den F\u00e4cher gegen den Wind schlagen.<br \/>\n16. Der Unsterbliche zeigt den Weg.<br \/>\n17. Das Nashorn betrachtet den Mond.<br \/>\n18. Der goldene Hahn steht auf einem Bein.<\/p>\n<p>Um die \u00dcbungen besser kennenzulernen, habe ich als Privatsch\u00fclerin bei Stefanie Recktenwald (Ausbildung in Qigong, Tai Chi Chuan und Reiki) in Marpingen (Saarland) vom 25. &#8211; 27.08.2012 eine Weiterbildung gemacht.<\/p>\n<p><strong>HUI CHUN GONG<\/strong><\/p>\n<p>Die Verj\u00fcngungs\u00fcbungen der chinesischen Kaiser nach dem \u00dcbungsbuch von Monnica Hackl &#8211; ISBN 3-88034-503-1<br \/>\nVerlag Hugendubel<\/p>\n<p>Die \u00dcbungen<\/p>\n<p>Die Er\u00f6ffnungs\u00fcbung<\/p>\n<p>1. Schulter\u00f6ffnen<br \/>\n2. R\u00fcckkehr des Fr\u00fchlings (nicht f\u00fcr Schwangere geeignet)<br \/>\n3. Schulterkreisen<br \/>\n4. Vitalenergie (nicht f\u00fcr Schwangere geeignet)<br \/>\n5. Der Vogel Rock fliegt<br \/>\n6. Pumpen des Yin<br \/>\n7. St\u00e4rkung der Nieren<br \/>\n8. Das Herz beleben<br \/>\n9. Drachenschwimmen<br \/>\n10. Himmelskreise I<br \/>\n11. Himmelskreise II<br \/>\n12. Erdenkreise<br \/>\n13. Die Schildkr\u00f6te zieht ihren Kopf ein<br \/>\n14. Froschschwimmen<br \/>\n15. Der Ph\u00f6nix breitet seine Fl\u00fcgel aus<br \/>\n16. Die Jugendfrische wird wieder hergestellt<\/p>\n<p>Drei hohe Sterne<\/p>\n<p>Der Adler sch\u00e4rft seine Krallen (nicht f\u00fcr Schwangere geeignet)<\/p>\n<p>Die &#8222;kaiserlichen&#8220; \u00dcbungen wurden lange Zeit in China von daoistischen M\u00f6nchen geheim gehalten und erst durch Monnica Hackl, die sie dort erlernt hat, bei uns bekannt. Es sind 16 einfache \u00dcbungen, die im Stehen mit einem inneren und \u00e4u\u00dferen L\u00e4cheln ausgef\u00fchrt werden, und, die uns unsere Vitalit\u00e4t bewahren bzw. zur\u00fcckbringen m\u00f6chten. Sie wirken ganz besonders auf unser endokrines System \u00fcber die Niere (Quelle und Speicher der Lebensenergie). Die Konzentration darauf stimuliert die Keimdr\u00fcsen. Die Hormonproduktion sowie das gesamte Dr\u00fcsensytem werden dadurch angeregt. Es sind wirkungsvolle \u00dcbungen zur sogenannten &#8222;R\u00fcckkehr des Fr\u00fchlings&#8220;, also zu einem Versuch der Wiederherstellung unserer Jugendlichkeit.<\/p>\n<p><strong>Shaolin-Sehnen-Qigong (Shaolin Yijinjing)<\/strong><\/p>\n<p>Fortbildung in Bad W\u00f6rishofen vom 22.9. &#8211; 25.9.2016<\/p>\n<p>mit Dr. Ansgar Gerstner<\/p>\n<p>Besondere Atmung:<\/p>\n<p>Ausatmen: Ausdehnung und Anspannung<br \/>\nEinatmen: L\u00f6sen der Spannung<\/p>\n<p>Bewegungsabfolge 1<\/p>\n<p>Weituo offeriert den Stab, 1<\/p>\n<p>Abschnitt 1<br \/>\nAbschnitt 2<br \/>\nAbschnitt 3<\/p>\n<p>Bewegungsabfolge 2<\/p>\n<p>Weituo offeriert den Stab, 2<\/p>\n<p>Bewegungsabfolge 3<\/p>\n<p>Weituo offeriert den Stab, 3<\/p>\n<p>Abschnitt 1<br \/>\nAbschnitt 2<\/p>\n<p>Bewegungsabfolge 4<\/p>\n<p>Den Stern pfl\u00fccken und das Sternbild \u00e4ndern<\/p>\n<p>Abschnitt 1<br \/>\nAbschnitt 2<br \/>\nAbschnitt 3<\/p>\n<p>Bewegungsabfolge 5<\/p>\n<p>Umgekehrt an neun Ochsenschw\u00e4nzen ziehen<\/p>\n<p>Abschnitt 1<br \/>\nAbschnitt 2<br \/>\nAbschnitt 3<br \/>\nAbschnitt 4<br \/>\nAbschnitt 5<\/p>\n<p>Bewegungsabfolge 6<\/p>\n<p>Die Klauen \u00f6ffnen und mit den Fl\u00fcgeln schlagen<\/p>\n<p>Abschnitt 1<br \/>\nAbschnitt 2<br \/>\nAbschnitt 3<br \/>\nAbschnitt 4<br \/>\nAbschnitt 5<br \/>\nAbschnitt 6<br \/>\nAbschnitt 7<\/p>\n<p>Bewegungsabfolge 7<\/p>\n<p>Jiugui zieht das Schwert auf dem Pferder\u00fccken<\/p>\n<p>Abschnitt 1<br \/>\nAbschnitt 2<br \/>\nAbschnitt 3<br \/>\nAbschnitt 4<br \/>\nAbschnitt 5<\/p>\n<p>Bewegungsabfolge 8<\/p>\n<p>Die drei K\u00f6rperzonen sinken zur Erde<\/p>\n<p>Abschnitt 1<br \/>\nAbschnitt 2<br \/>\nAbschnitt 3<br \/>\nAbschnitt 4<br \/>\nAbschnitt 5<br \/>\nAbschnitt 6<\/p>\n<p>Bewegungsabfolge 9<\/p>\n<p>Der schwarzgr\u00fcne Drachen spreizt seine Klauen<\/p>\n<p>Abschnitt 1<br \/>\nAbschnitt 2<br \/>\nAbschnitt 3<\/p>\n<p>Bewegungsabfolge 10<\/p>\n<p>Der am Boden auf seine Beute lauernde Tiger<\/p>\n<p>Abschnitt 1<br \/>\nAbschnitt 2<br \/>\nAbschnitt 3<br \/>\nAbschnitt 4<\/p>\n<p>Bewegungsabfolge 11<\/p>\n<p>Die Trommel schlagen<\/p>\n<p>Abschnitt 1<br \/>\nAbschnitt 2<br \/>\nAbschnitt 3<br \/>\nAbschnitt 4<\/p>\n<p>Bewegungsabfolge 12<\/p>\n<p>Mit dem Schwanz wedeln<\/p>\n<p>Abschnitt 1<br \/>\nAbschnitt 2<br \/>\nAbschnitt 3<\/p>\n<p>Abschlu\u00df des Shaolin-Sehnen-Qigongs<\/p>\n<p>Fortbildung in der Oase Steinerskirchen<\/p>\n<p>vom 27.8. &#8211; 31.8.2017<\/p>\n<p>Leitung: Werner Kastner<\/p>\n<p>Das Spiel der 5 Tiere<\/p>\n<p>1. Der Tiger<br \/>\nDer Tiger hebt seine Pfoten<br \/>\nDer Tiger springt<\/p>\n<p>2. Der Hirsch<br \/>\nDer Hirsch pr\u00e4sentiert sein Geweih<br \/>\nDer Hirsch rennt<\/p>\n<p>3. Der B\u00e4r<br \/>\nDer B\u00e4r dreht seinen Oberk\u00f6rper<br \/>\nDer B\u00e4r wiegt sich<\/p>\n<p>4. Der Affe<br \/>\nDer Affe hebt seine Klauen<br \/>\nDer Affe pfl\u00fcckt Obst<\/p>\n<p>5. Der Kranich<br \/>\nDer Kranich hebt seinen Kopf<br \/>\nDer Kranich fliegt<\/p>\n","protected":false},"excerpt":{"rendered":"<p>Fortbildung in Tai Chi Chuan Vom 21.02. &#8211; 24.02.2013 Lernen der langen Form des Yang &#8211; Stils nach YANG CH&#8217;ENG FU Teil I und Teil II Sebastian Kneipp Akademie Bad W\u00f6rishofen Seminarleitung: Petra und Toyo Kobayashi, M\u00fcnchen Am 19.06.2013 Vertiefen und Korrektur von Teil I und Teil II der Langform in Meckenhausen\/Schwabach Seminarleitung: Petra Kobayashi, &hellip; <\/p>\n<p class=\"link-more\"><a href=\"https:\/\/qigong-taichi-augsburg.de\/index.php\/uber-mich\/fortbildung\/\" class=\"more-link\"><span class=\"screen-reader-text\">\u201eFortbildung\u201c<\/span> weiterlesen<\/a><\/p>\n","protected":false},"author":1,"featured_media":0,"parent":5,"menu_order":0,"comment_status":"closed","ping_status":"closed","template":"","meta":{"footnotes":""},"_links":{"self":[{"href":"https:\/\/qigong-taichi-augsburg.de\/index.php\/wp-json\/wp\/v2\/pages\/92"}],"collection":[{"href":"https:\/\/qigong-taichi-augsburg.de\/index.php\/wp-json\/wp\/v2\/pages"}],"about":[{"href":"https:\/\/qigong-taichi-augsburg.de\/index.php\/wp-json\/wp\/v2\/types\/page"}],"author":[{"embeddable":true,"href":"https:\/\/qigong-taichi-augsburg.de\/index.php\/wp-json\/wp\/v2\/users\/1"}],"replies":[{"embeddable":true,"href":"https:\/\/qigong-taichi-augsburg.de\/index.php\/wp-json\/wp\/v2\/comments?post=92"}],"version-history":[{"count":5,"href":"https:\/\/qigong-taichi-augsburg.de\/index.php\/wp-json\/wp\/v2\/pages\/92\/revisions"}],"predecessor-version":[{"id":408,"href":"https:\/\/qigong-taichi-augsburg.de\/index.php\/wp-json\/wp\/v2\/pages\/92\/revisions\/408"}],"up":[{"embeddable":true,"href":"https:\/\/qigong-taichi-augsburg.de\/index.php\/wp-json\/wp\/v2\/pages\/5"}],"wp:attachment":[{"href":"https:\/\/qigong-taichi-augsburg.de\/index.php\/wp-json\/wp\/v2\/media?parent=92"}],"curies":[{"name":"wp","href":"https:\/\/api.w.org\/{rel}","templated":true}]}}