{"id":77,"date":"2018-08-21T16:53:24","date_gmt":"2018-08-21T14:53:24","guid":{"rendered":"http:\/\/qigong-taichi.ddns.net\/?page_id=77"},"modified":"2018-08-21T16:53:24","modified_gmt":"2018-08-21T14:53:24","slug":"begriffserklaerung","status":"publish","type":"page","link":"https:\/\/qigong-taichi-augsburg.de\/index.php\/tai-chi-chuan\/begriffserklaerung\/","title":{"rendered":"Begriffserkl\u00e4rung"},"content":{"rendered":"<p><strong>Tai Chi Chuan<\/strong> hat unendlich viele Bedeutungen. Finden Sie selbst heraus, welche Bedeutung die sogenannte Form = die bekannteste Art Tai Chi zu \u00fcben, f\u00fcr Sie haben kann.<\/p>\n<p>Es gibt verschiedene Stile, die gelehrt werden. Ich unterrichte den Yang Stil nach Prof. Chen Man Ching, dessen 37er Form beruht auf einem sehr alten chinesichen \u00dcbungssystem, das auf der Philosophie des Tao und den sogenannten Prinzipien (z.B. einheitlich \u2013 aufrecht, gleichm\u00e4ssig \u2013 ausgewogen) beruht. Diese Unterrichtsform beruht wiederum auf der Langform des Yang Stils nach Yang Ch&#8217;eng Fu, den ich ebenfalls kenne und an meine Teilnehmer weitergebe.<\/p>\n<p><strong>Tai Chi<\/strong> = das H\u00f6chste, das Oberste, das Letzte<br \/>\n<strong>Chuan<\/strong> = Hand, Faust<\/p>\n<p>Das bedeutet in etwa: Durch die Hand oder mit der Faust, also durch \u00dcbung in Harmonie einen Weg zum Tao zu suchen, um Chi = Lebenskraft dadurch zu gewinnen.<\/p>\n<p>Es gibt unz\u00e4hlige Erkl\u00e4rungen und Abhandlungen dar\u00fcber, das w\u00fcrde aber den Rahmen meiner kurzen Einf\u00fchrung sprengen und deshalb beschr\u00e4nke ich mich auf einfache Erkl\u00e4rungen, so wie ich sie selbst verstehe und weitergeben kann<\/p>\n","protected":false},"excerpt":{"rendered":"<p>Tai Chi Chuan hat unendlich viele Bedeutungen. Finden Sie selbst heraus, welche Bedeutung die sogenannte Form = die bekannteste Art Tai Chi zu \u00fcben, f\u00fcr Sie haben kann. Es gibt verschiedene Stile, die gelehrt werden. Ich unterrichte den Yang Stil nach Prof. Chen Man Ching, dessen 37er Form beruht auf einem sehr alten chinesichen \u00dcbungssystem, &hellip; <\/p>\n<p class=\"link-more\"><a href=\"https:\/\/qigong-taichi-augsburg.de\/index.php\/tai-chi-chuan\/begriffserklaerung\/\" class=\"more-link\"><span class=\"screen-reader-text\">\u201eBegriffserkl\u00e4rung\u201c<\/span> weiterlesen<\/a><\/p>\n","protected":false},"author":1,"featured_media":0,"parent":38,"menu_order":0,"comment_status":"closed","ping_status":"closed","template":"","meta":{"footnotes":""},"_links":{"self":[{"href":"https:\/\/qigong-taichi-augsburg.de\/index.php\/wp-json\/wp\/v2\/pages\/77"}],"collection":[{"href":"https:\/\/qigong-taichi-augsburg.de\/index.php\/wp-json\/wp\/v2\/pages"}],"about":[{"href":"https:\/\/qigong-taichi-augsburg.de\/index.php\/wp-json\/wp\/v2\/types\/page"}],"author":[{"embeddable":true,"href":"https:\/\/qigong-taichi-augsburg.de\/index.php\/wp-json\/wp\/v2\/users\/1"}],"replies":[{"embeddable":true,"href":"https:\/\/qigong-taichi-augsburg.de\/index.php\/wp-json\/wp\/v2\/comments?post=77"}],"version-history":[{"count":1,"href":"https:\/\/qigong-taichi-augsburg.de\/index.php\/wp-json\/wp\/v2\/pages\/77\/revisions"}],"predecessor-version":[{"id":112,"href":"https:\/\/qigong-taichi-augsburg.de\/index.php\/wp-json\/wp\/v2\/pages\/77\/revisions\/112"}],"up":[{"embeddable":true,"href":"https:\/\/qigong-taichi-augsburg.de\/index.php\/wp-json\/wp\/v2\/pages\/38"}],"wp:attachment":[{"href":"https:\/\/qigong-taichi-augsburg.de\/index.php\/wp-json\/wp\/v2\/media?parent=77"}],"curies":[{"name":"wp","href":"https:\/\/api.w.org\/{rel}","templated":true}]}}