{"id":59,"date":"2018-08-20T04:50:21","date_gmt":"2018-08-20T03:50:21","guid":{"rendered":"http:\/\/qigong-taichi.ddns.net\/?page_id=59"},"modified":"2018-08-20T04:50:21","modified_gmt":"2018-08-20T03:50:21","slug":"kranich","status":"publish","type":"page","link":"https:\/\/qigong-taichi-augsburg.de\/index.php\/kranich\/","title":{"rendered":"Kranich"},"content":{"rendered":"<p>\u00dcbungsreihe \u201eDer Kranich\u201c(nach Prof. Dr. med. Zhu Longyu)<\/p>\n<p>1. Der Tanz des Kranichs (9 Einzel\u00fcbungen))<\/p>\n<p>2. Verbindung des Menschen mit Himmel und Erde (6 Einzel\u00fcbungen)<\/p>\n<p>3. Kranichkopf und Drachenhaupt (10 Einzel\u00fcbungen)<\/p>\n<p>4. Der Kranich tippt ins Wasser (4 Einzel\u00fcbungen)<\/p>\n<p>5. Zur kosmischen Einheit zur\u00fcckkehren (5 Einzel\u00fcbungen)<\/p>\n","protected":false},"excerpt":{"rendered":"<p>\u00dcbungsreihe \u201eDer Kranich\u201c(nach Prof. Dr. med. Zhu Longyu) 1. Der Tanz des Kranichs (9 Einzel\u00fcbungen)) 2. Verbindung des Menschen mit Himmel und Erde (6 Einzel\u00fcbungen) 3. Kranichkopf und Drachenhaupt (10 Einzel\u00fcbungen) 4. Der Kranich tippt ins Wasser (4 Einzel\u00fcbungen) 5. Zur kosmischen Einheit zur\u00fcckkehren (5 Einzel\u00fcbungen)<\/p>\n","protected":false},"author":1,"featured_media":0,"parent":0,"menu_order":0,"comment_status":"closed","ping_status":"closed","template":"","meta":{"footnotes":""},"_links":{"self":[{"href":"https:\/\/qigong-taichi-augsburg.de\/index.php\/wp-json\/wp\/v2\/pages\/59"}],"collection":[{"href":"https:\/\/qigong-taichi-augsburg.de\/index.php\/wp-json\/wp\/v2\/pages"}],"about":[{"href":"https:\/\/qigong-taichi-augsburg.de\/index.php\/wp-json\/wp\/v2\/types\/page"}],"author":[{"embeddable":true,"href":"https:\/\/qigong-taichi-augsburg.de\/index.php\/wp-json\/wp\/v2\/users\/1"}],"replies":[{"embeddable":true,"href":"https:\/\/qigong-taichi-augsburg.de\/index.php\/wp-json\/wp\/v2\/comments?post=59"}],"version-history":[{"count":1,"href":"https:\/\/qigong-taichi-augsburg.de\/index.php\/wp-json\/wp\/v2\/pages\/59\/revisions"}],"predecessor-version":[{"id":60,"href":"https:\/\/qigong-taichi-augsburg.de\/index.php\/wp-json\/wp\/v2\/pages\/59\/revisions\/60"}],"wp:attachment":[{"href":"https:\/\/qigong-taichi-augsburg.de\/index.php\/wp-json\/wp\/v2\/media?parent=59"}],"curies":[{"name":"wp","href":"https:\/\/api.w.org\/{rel}","templated":true}]}}