{"id":53,"date":"2018-08-20T04:45:48","date_gmt":"2018-08-20T03:45:48","guid":{"rendered":"http:\/\/qigong-taichi.ddns.net\/?page_id=53"},"modified":"2018-08-20T04:45:48","modified_gmt":"2018-08-20T03:45:48","slug":"ubungsreihen","status":"publish","type":"page","link":"https:\/\/qigong-taichi-augsburg.de\/index.php\/ubungsreihen\/","title":{"rendered":"\u00dcbungsreihen"},"content":{"rendered":"<p>Ich m\u00f6chte Ihnen anschlie\u00dfend eine kleine Auswahl meiner \u00dcbungen in Qigong vorstellen.<\/p>\n<p>Sie helfen und unterst\u00fctzen das Wohlbefinden bei verschiedenen Beschwerden.<\/p>\n<p>Finden Sie selbst heraus, welche \u00dcbung oder welche \u00dcbungsreihe f\u00fcr Sie n\u00fctzlich und hilfreich sein k\u00f6nnte.<\/p>\n<p>In unserer Zeit ist der Ausgleich zwischen An- und Entspannung sehr wichtig, denn wir brauchen beides und Qigong kann uns dabei helfen, viel frisches Qi (Energie) zu sammeln, um ein langes und gesundes Leben im Einklang mit Yin und Yang f\u00fchren zu k\u00f6nnen.<\/p>\n","protected":false},"excerpt":{"rendered":"<p>Ich m\u00f6chte Ihnen anschlie\u00dfend eine kleine Auswahl meiner \u00dcbungen in Qigong vorstellen. Sie helfen und unterst\u00fctzen das Wohlbefinden bei verschiedenen Beschwerden. Finden Sie selbst heraus, welche \u00dcbung oder welche \u00dcbungsreihe f\u00fcr Sie n\u00fctzlich und hilfreich sein k\u00f6nnte. In unserer Zeit ist der Ausgleich zwischen An- und Entspannung sehr wichtig, denn wir brauchen beides und Qigong &hellip; <\/p>\n<p class=\"link-more\"><a href=\"https:\/\/qigong-taichi-augsburg.de\/index.php\/ubungsreihen\/\" class=\"more-link\"><span class=\"screen-reader-text\">\u201e\u00dcbungsreihen\u201c<\/span> weiterlesen<\/a><\/p>\n","protected":false},"author":1,"featured_media":0,"parent":0,"menu_order":0,"comment_status":"closed","ping_status":"closed","template":"","meta":{"footnotes":""},"_links":{"self":[{"href":"https:\/\/qigong-taichi-augsburg.de\/index.php\/wp-json\/wp\/v2\/pages\/53"}],"collection":[{"href":"https:\/\/qigong-taichi-augsburg.de\/index.php\/wp-json\/wp\/v2\/pages"}],"about":[{"href":"https:\/\/qigong-taichi-augsburg.de\/index.php\/wp-json\/wp\/v2\/types\/page"}],"author":[{"embeddable":true,"href":"https:\/\/qigong-taichi-augsburg.de\/index.php\/wp-json\/wp\/v2\/users\/1"}],"replies":[{"embeddable":true,"href":"https:\/\/qigong-taichi-augsburg.de\/index.php\/wp-json\/wp\/v2\/comments?post=53"}],"version-history":[{"count":1,"href":"https:\/\/qigong-taichi-augsburg.de\/index.php\/wp-json\/wp\/v2\/pages\/53\/revisions"}],"predecessor-version":[{"id":54,"href":"https:\/\/qigong-taichi-augsburg.de\/index.php\/wp-json\/wp\/v2\/pages\/53\/revisions\/54"}],"wp:attachment":[{"href":"https:\/\/qigong-taichi-augsburg.de\/index.php\/wp-json\/wp\/v2\/media?parent=53"}],"curies":[{"name":"wp","href":"https:\/\/api.w.org\/{rel}","templated":true}]}}