{"id":5,"date":"2018-08-17T09:53:32","date_gmt":"2018-08-17T08:53:32","guid":{"rendered":"http:\/\/qigong-taichi.ddns.net\/?page_id=5"},"modified":"2019-07-08T18:34:28","modified_gmt":"2019-07-08T16:34:28","slug":"uber-mich","status":"publish","type":"page","link":"https:\/\/qigong-taichi-augsburg.de\/index.php\/uber-mich\/","title":{"rendered":"\u00dcber mich"},"content":{"rendered":"<p>Wie sch\u00f6n, dass Sie meine Homepage besuchen. Mein Name ist Tagmar Renk. Ich bin Kursleiterin f\u00fcr Qigong und Tai Chi Chuan, SKA<\/p>\n<figure id=\"attachment_28\" aria-describedby=\"caption-attachment-28\" style=\"width: 576px\" class=\"wp-caption aligncenter\"><img decoding=\"async\" loading=\"lazy\" class=\"wp-image-28 size-full\" src=\"https:\/\/qigong-taichi-augsburg.de\/wp-content\/uploads\/2018\/08\/uber_mich.jpg\" alt=\"\" width=\"576\" height=\"768\" srcset=\"https:\/\/qigong-taichi-augsburg.de\/wp-content\/uploads\/2018\/08\/uber_mich.jpg 576w, https:\/\/qigong-taichi-augsburg.de\/wp-content\/uploads\/2018\/08\/uber_mich-225x300.jpg 225w\" sizes=\"(max-width: 576px) 100vw, 576px\" \/><figcaption id=\"caption-attachment-28\" class=\"wp-caption-text\">Kursleiterin Tagmar Renk<\/figcaption><\/figure>\n<p>Das bedeutet, dass ich eine 6-j\u00e4hrige Ausbildung bei der Sebastian Kneipp Akademie in Bad W\u00f6rishofen erfolgreich abgeschlossen habe und zur Zeit an der Volkshochschule Augsburger Land e.V.\u00a0 und private Gruppen unterrichte.<\/p>\n<p>[icon name=&#8220;file-pdf-o&#8220; class=&#8220;&#8220; unprefixed_class=&#8220;&#8220;]<a href=\"https:\/\/qigong-taichi-augsburg.de\/wp-content\/uploads\/2018\/08\/Bericht-\u00fcber-mich.pdf\">\u00a0Reportage \u00fcber Qigong im Freien in der AZ von Vera Katzenberger<\/a><\/p>\n","protected":false},"excerpt":{"rendered":"<p>Wie sch\u00f6n, dass Sie meine Homepage besuchen. Mein Name ist Tagmar Renk. Ich bin Kursleiterin f\u00fcr Qigong und Tai Chi Chuan, SKA Das bedeutet, dass ich eine 6-j\u00e4hrige Ausbildung bei der Sebastian Kneipp Akademie in Bad W\u00f6rishofen erfolgreich abgeschlossen habe und zur Zeit an der Volkshochschule Augsburger Land e.V.\u00a0 und private Gruppen unterrichte. [icon name=&#8220;file-pdf-o&#8220; &hellip; <\/p>\n<p class=\"link-more\"><a href=\"https:\/\/qigong-taichi-augsburg.de\/index.php\/uber-mich\/\" class=\"more-link\"><span class=\"screen-reader-text\">\u201e\u00dcber mich\u201c<\/span> weiterlesen<\/a><\/p>\n","protected":false},"author":1,"featured_media":0,"parent":0,"menu_order":0,"comment_status":"closed","ping_status":"closed","template":"","meta":{"footnotes":""},"_links":{"self":[{"href":"https:\/\/qigong-taichi-augsburg.de\/index.php\/wp-json\/wp\/v2\/pages\/5"}],"collection":[{"href":"https:\/\/qigong-taichi-augsburg.de\/index.php\/wp-json\/wp\/v2\/pages"}],"about":[{"href":"https:\/\/qigong-taichi-augsburg.de\/index.php\/wp-json\/wp\/v2\/types\/page"}],"author":[{"embeddable":true,"href":"https:\/\/qigong-taichi-augsburg.de\/index.php\/wp-json\/wp\/v2\/users\/1"}],"replies":[{"embeddable":true,"href":"https:\/\/qigong-taichi-augsburg.de\/index.php\/wp-json\/wp\/v2\/comments?post=5"}],"version-history":[{"count":8,"href":"https:\/\/qigong-taichi-augsburg.de\/index.php\/wp-json\/wp\/v2\/pages\/5\/revisions"}],"predecessor-version":[{"id":434,"href":"https:\/\/qigong-taichi-augsburg.de\/index.php\/wp-json\/wp\/v2\/pages\/5\/revisions\/434"}],"wp:attachment":[{"href":"https:\/\/qigong-taichi-augsburg.de\/index.php\/wp-json\/wp\/v2\/media?parent=5"}],"curies":[{"name":"wp","href":"https:\/\/api.w.org\/{rel}","templated":true}]}}