{"id":33,"date":"2018-08-20T04:11:31","date_gmt":"2018-08-20T03:11:31","guid":{"rendered":"http:\/\/qigong-taichi.ddns.net\/?page_id=33"},"modified":"2023-12-17T19:43:58","modified_gmt":"2023-12-17T18:43:58","slug":"impressum","status":"publish","type":"page","link":"https:\/\/qigong-taichi-augsburg.de\/index.php\/impressum\/","title":{"rendered":"Impressum"},"content":{"rendered":"<p><span class=\"Apple-style-span\" style=\"border-collapse: separate; color: #000000; font-family: 'Times New Roman'; font-style: normal; font-variant: normal; font-weight: normal; letter-spacing: normal; line-height: normal; orphans: 2; text-indent: 0px; text-transform: none; white-space: normal; widows: 2; word-spacing: 0px; font-size: medium;\"> <span style=\"font-size: 12px;\"><span style=\"font-family: Verdana,Geneva,Helvetica,Arial,sans-serif;\"><span class=\"Apple-style-span\" style=\"border-collapse: separate; color: #000000; font-style: normal; font-variant: normal; font-weight: normal; letter-spacing: normal; line-height: normal; orphans: 2; text-indent: 0px; text-transform: none; white-space: normal; widows: 2; word-spacing: 0px;\"> <strong>Postanschrift:<\/strong><\/span><\/span><\/span><\/span><\/p>\n<p>Tagmar Renk<br \/>\nGeorg Odemer Str. 2<br \/>\n86356 Neus\u00e4ss<br \/>\nTel. 0821\/487776<\/p>\n<p style=\"text-align: left;\"><span style=\"font-size: 12px;\"><span style=\"font-family: Verdana,Geneva,Helvetica,Arial,sans-serif;\"><strong>Rechtliche Hinweise<br \/>\n<\/strong><\/span><\/span><\/p>\n<p>Ich freue mich, dass Sie mein Internet-Angebot nutzen und meine Website besuchen. Ich bin bem\u00fcht, die angebotenen Inhalte st\u00e4ndig zu aktualisieren und anzupassen. so dass Sie immer die neuesten Informationen erhalten.<\/p>\n<p>Eine Haftung oder Garantie f\u00fcr die Richtigkeit und Vollst\u00e4ndigkeit der zur Verf\u00fcgung gestellten Daten kann nicht \u00fcbernommen werden.<\/p>\n<p>Sofern mittels externer Links auf andere Websites verwiesen wird, unterliegen diese nicht meiner Kontrolle. Ich mache mir daher diese ausdr\u00fccklich nicht zu eigen und lehne jede Verantwortung f\u00fcr deren Inhalte ab. F\u00fcr den Inhalt verlinkter externer Seiten sind ausschlie\u00dflich deren Betreiber verantwortlich.<\/p>\n<p>Weiter weise ich darauf hin, dass meine Website vom Inhalt und Aufbau her urheberrechtlich gesch\u00fctzt ist. Die enthaltenen Daten und Informationen sowie Abbildungen d\u00fcrfen nur mit meiner Zustimmung vervielf\u00e4ltigt werden.<\/p>\n<p><span style=\"font-family: Verdana,Geneva,Helvetica,Arial,sans-serif;\"><strong>Keine Abmahnung ohne vorherige Kontaktaufnahme<\/strong><\/span><\/p>\n<p><span style=\"font-family: Verdana,Geneva,Helvetica,Arial,sans-serif;\"><strong><br \/>\n<\/strong><\/span>Sollte der Inhalt oder die Aufmachung der unter dieser Internetadresse zur Verf\u00fcgung gestellten Seiten fremde Rechte Dritter oder gesetzliche Bestimmungen verletzen, so bitte ich um eine entsprechende Nachricht\u00a0ohne\u00a0Kostennote! Die Beseitigung einer m\u00f6glicherweise von meiner Seiten ausgehenden Schutzrechtsverletzung durch Schutzrecht-Inhaber selbst darf nicht ohne meine Zustimmung stattfinden. Ich garantiere, dass die zu Recht beanstandeten Passagen unverz\u00fcglich entfernt\/abge\u00e4ndert werden, ohne, dass von Ihrer Seite die Einschaltung eines Rechtsbeistandes erforderlich ist. Dennoch von Ihnen ohne vorherige Kontaktaufnahme ausgel\u00f6ste Kosten werde ich vollumf\u00e4nglich zur\u00fcckweisen und gegebenenfalls Gegenklage wegen Verletzung vorgenannter Bestimmungen einreichen.<\/p>\n","protected":false},"excerpt":{"rendered":"<p>Postanschrift: Tagmar Renk Georg Odemer Str. 2 86356 Neus\u00e4ss Tel. 0821\/487776 Rechtliche Hinweise Ich freue mich, dass Sie mein Internet-Angebot nutzen und meine Website besuchen. Ich bin bem\u00fcht, die angebotenen Inhalte st\u00e4ndig zu aktualisieren und anzupassen. so dass Sie immer die neuesten Informationen erhalten. Eine Haftung oder Garantie f\u00fcr die Richtigkeit und Vollst\u00e4ndigkeit der zur &hellip; <\/p>\n<p class=\"link-more\"><a href=\"https:\/\/qigong-taichi-augsburg.de\/index.php\/impressum\/\" class=\"more-link\"><span class=\"screen-reader-text\">\u201eImpressum\u201c<\/span> weiterlesen<\/a><\/p>\n","protected":false},"author":1,"featured_media":0,"parent":0,"menu_order":0,"comment_status":"closed","ping_status":"closed","template":"","meta":{"footnotes":""},"_links":{"self":[{"href":"https:\/\/qigong-taichi-augsburg.de\/index.php\/wp-json\/wp\/v2\/pages\/33"}],"collection":[{"href":"https:\/\/qigong-taichi-augsburg.de\/index.php\/wp-json\/wp\/v2\/pages"}],"about":[{"href":"https:\/\/qigong-taichi-augsburg.de\/index.php\/wp-json\/wp\/v2\/types\/page"}],"author":[{"embeddable":true,"href":"https:\/\/qigong-taichi-augsburg.de\/index.php\/wp-json\/wp\/v2\/users\/1"}],"replies":[{"embeddable":true,"href":"https:\/\/qigong-taichi-augsburg.de\/index.php\/wp-json\/wp\/v2\/comments?post=33"}],"version-history":[{"count":3,"href":"https:\/\/qigong-taichi-augsburg.de\/index.php\/wp-json\/wp\/v2\/pages\/33\/revisions"}],"predecessor-version":[{"id":788,"href":"https:\/\/qigong-taichi-augsburg.de\/index.php\/wp-json\/wp\/v2\/pages\/33\/revisions\/788"}],"wp:attachment":[{"href":"https:\/\/qigong-taichi-augsburg.de\/index.php\/wp-json\/wp\/v2\/media?parent=33"}],"curies":[{"name":"wp","href":"https:\/\/api.w.org\/{rel}","templated":true}]}}